{"id":891,"date":"2024-02-28T20:26:44","date_gmt":"2024-02-28T18:26:44","guid":{"rendered":"http:\/\/filosofit.fi\/FiPra\/?page_id=891"},"modified":"2024-09-13T12:36:41","modified_gmt":"2024-09-13T09:36:41","slug":"filosofian-praktikot","status":"publish","type":"page","link":"https:\/\/filosofit.fi\/FiPra\/?page_id=891","title":{"rendered":"Filosofiset praktikot"},"content":{"rendered":"\n<p><em>Filosofisen praktiikan verkoston j\u00e4senet, jotka ovat k\u00e4yneet <a href=\"https:\/\/www.kriittinenkorkeakoulu.fi\/kurssitarjonta\/filosofinen-praktiikka\/\" data-type=\"link\" data-id=\"https:\/\/www.kriittinenkorkeakoulu.fi\/kurssitarjonta\/filosofinen-praktiikka\/\">Filosofisen praktiikan koulutuksen<\/a> (n. 40 op, Kriittinen korkeakoulu) tai hankkineet vastaavan p\u00e4tevyyden muutoin. J\u00e4sen, jos haluat tietosi sivulle, l\u00e4het\u00e4 tietosi hallituksen s\u00e4hk\u00f6postiin: five.hallitus@gmail.com <\/em><\/p>\n\n\n\n<hr class=\"wp-block-separator has-alpha-channel-opacity\"\/>\n\n\n\n<p><strong><a href=\"http:\/\/www.piahouni.fi\" data-type=\"link\" data-id=\"www.piahouni.fi\">Pia Houni<\/a><\/strong>  <\/p>\n\n\n\n<p>pia.houni@tuni.fi <br>Helsinki <\/p>\n\n\n\n<p><em>Mottoni: \u00c4l\u00e4 koskaan luovuta! <\/em><\/p>\n\n\n\n<div class=\"wp-block-media-text has-media-on-the-right is-stacked-on-mobile is-vertically-aligned-top\"><div class=\"wp-block-media-text__content\">\n<p>Olen filosofinen praktikko Pia Houni. Filosofisen praktiikan toiminnassa olen erityisesti perehtynyt konsultaatioon (filosofin vastaanotto), sokraattiseen dialogiin, ty\u00f6yhteis\u00f6jen kehitt\u00e4miseen, ongelmien k\u00e4sittelyyn, luovuuteen ja taidel\u00e4ht\u00f6iseen filosofointiin. Innostuin filosofiasta jo nuoruusvuosina, erityisesti eksistentialismista. <\/p>\n<\/div><figure class=\"wp-block-media-text__media\"><img loading=\"lazy\" decoding=\"async\" width=\"449\" height=\"480\" src=\"https:\/\/filosofit.fi\/FiPra\/wp-content\/uploads\/PiaTokio2-1.jpg\" alt=\"\" class=\"wp-image-1758 size-full\" srcset=\"https:\/\/filosofit.fi\/FiPra\/wp-content\/uploads\/PiaTokio2-1.jpg 449w, https:\/\/filosofit.fi\/FiPra\/wp-content\/uploads\/PiaTokio2-1-281x300.jpg 281w\" sizes=\"auto, (max-width: 449px) 100vw, 449px\" \/><\/figure><\/div>\n\n\n\n<p>Filosofisen praktiikan l\u00f6ysin noin parikymment\u00e4 vuotta sitten.  K\u00e4vin ensimm\u00e4isen filosofisen praktiikan koulutuksen (Kriittinen korkeakoulu), joka Suomessa j\u00e4rjestettiin. T\u00e4m\u00e4n lis\u00e4ksi olen suorittanut sokraattisen fasilitaattorin koulutuksen Englannissa Society for the Furtherance of Critical Philosophy (SFCP) ja Saksassa Die Philosophisch-Politische Akademie. T\u00e4m\u00e4n lis\u00e4ksi olen osallistunut useisiin kansainv\u00e4lisiin konferensseihin ja seminaareihin, joissa filosofisen praktiikan taitoja on hiottu. Olen my\u00f6s kirjoittanut aihepiirist\u00e4 useita julkaisuja ja pit\u00e4nyt kotimaisia- ja kansainv\u00e4lisi\u00e4 puheenvuoroja. Koulutus-taustaltani olen FK, KM, TeT ja dosentti.<\/p>\n\n\n\n<hr class=\"wp-block-separator has-alpha-channel-opacity\"\/>\n\n\n\n<p>Mika Koskinen<\/p>\n\n\n\n<p>mika.koskinen@novetos.fi <br>Helsinki<\/p>\n\n\n\n<p>Pid\u00e4n vastaanottoa maanantaisin ja perjantaisin, mutta sovittaessa muutkin p\u00e4iv\u00e4t k\u00e4yv\u00e4t.<\/p>\n\n\n\n<div class=\"wp-block-media-text is-stacked-on-mobile\"><figure class=\"wp-block-media-text__media\"><img loading=\"lazy\" decoding=\"async\" width=\"415\" height=\"470\" src=\"https:\/\/filosofit.fi\/FiPra\/wp-content\/uploads\/Omakuva-1-e1712070977673.jpg\" alt=\"\" class=\"wp-image-1834 size-full\" srcset=\"https:\/\/filosofit.fi\/FiPra\/wp-content\/uploads\/Omakuva-1-e1712070977673.jpg 415w, https:\/\/filosofit.fi\/FiPra\/wp-content\/uploads\/Omakuva-1-e1712070977673-265x300.jpg 265w\" sizes=\"auto, (max-width: 415px) 100vw, 415px\" \/><\/figure><div class=\"wp-block-media-text__content\">\n<p>Rakkaus yhdess\u00e4 ajattelun ja dialogin kykyyn tuottaa ja luoda hyv\u00e4\u00e4 el\u00e4m\u00e4\u00e4 on toiminut jo vuosisatojen ajan.&nbsp; Ajattelu on paras yleisty\u00f6kalumme, joten olen pit\u00e4nyt sen skarppina.&nbsp; Voit tuoda mink\u00e4 tahansa aiheen, ongelman tai haasteen, mutta et tarvitse edes kysymyksi\u00e4 tai vastauksia, ne ovat v\u00e4itteiden, argumenttien, dialogin yms. kanssa osaamisalueitani.&nbsp; <\/p>\n<\/div><\/div>\n\n\n\n<p><\/p>\n\n\n\n<hr class=\"wp-block-separator has-alpha-channel-opacity\"\/>\n\n\n\n<p><strong><a href=\"http:\/\/www.katikuula.fi\" data-type=\"link\" data-id=\"www.katikuula.fi\">Kati Kuula<\/a><\/strong><\/p>\n\n\n\n<p>kati.kuula@gmail.com<br>Helsinki<\/p>\n\n\n\n<p>Koen praktiikan el\u00e4m\u00e4n l\u00e4vist\u00e4v\u00e4n\u00e4, filosofisen el\u00e4m\u00e4n harjoittamisena. <\/p>\n\n\n\n<div class=\"wp-block-media-text has-media-on-the-right is-stacked-on-mobile\"><div class=\"wp-block-media-text__content\">\n<p>K\u00e4vin filosofisen praktiikan koulutuksen 2020-21. Siit\u00e4 l\u00e4htien olen ollut aktiivisesti mukana Fiven toiminnassa ja kansainv\u00e4lisiss\u00e4 tapahtumissa. Olen paneutunut erityisesti dialogien fasilitointiin ja innostunut luovasta ty\u00f6pajaty\u00f6skentelyst\u00e4 sek\u00e4 praktiikan hy\u00f6dynt\u00e4misest\u00e4 ty\u00f6el\u00e4m\u00e4ss\u00e4.  <\/p>\n\n\n\n<p>Kuva: Robert \u00d6rth\u00e9n<\/p>\n<\/div><figure class=\"wp-block-media-text__media\"><img loading=\"lazy\" decoding=\"async\" width=\"464\" height=\"541\" src=\"https:\/\/filosofit.fi\/FiPra\/wp-content\/uploads\/kati1.jpg\" alt=\"\" class=\"wp-image-1759 size-full\" srcset=\"https:\/\/filosofit.fi\/FiPra\/wp-content\/uploads\/kati1.jpg 464w, https:\/\/filosofit.fi\/FiPra\/wp-content\/uploads\/kati1-257x300.jpg 257w\" sizes=\"auto, (max-width: 464px) 100vw, 464px\" \/><\/figure><\/div>\n\n\n\n<p><\/p>\n","protected":false},"excerpt":{"rendered":"<p>Filosofisen praktiikan verkoston j\u00e4senet, jotka ovat k\u00e4yneet Filosofisen praktiikan koulutuksen (n. 40 op, Kriittinen korkeakoulu) tai hankkineet vastaavan p\u00e4tevyyden muutoin. J\u00e4sen, jos haluat tietosi sivulle, l\u00e4het\u00e4 tietosi hallituksen s\u00e4hk\u00f6postiin: five.hallitus@gmail.com Pia Houni pia.houni@tuni.fi Helsinki Mottoni: \u00c4l\u00e4 koskaan luovuta! Olen filosofinen praktikko Pia Houni. Filosofisen praktiikan toiminnassa olen erityisesti perehtynyt konsultaatioon (filosofin vastaanotto), sokraattiseen dialogiin, ty\u00f6yhteis\u00f6jen&hellip; <\/p>\n<p class=\"toivo-read-more\"><a href=\"https:\/\/filosofit.fi\/FiPra\/?page_id=891\" class=\"more-link\">Lue lis\u00e4\u00e4 <span class=\"screen-reader-text\">Filosofiset praktikot<\/span><\/a><\/p>\n","protected":false},"author":17,"featured_media":1713,"parent":0,"menu_order":0,"comment_status":"closed","ping_status":"closed","template":"","meta":{"footnotes":""},"class_list":{"0":"post-891","1":"page","2":"type-page","3":"status-publish","4":"has-post-thumbnail","6":"entry"},"_links":{"self":[{"href":"https:\/\/filosofit.fi\/FiPra\/index.php?rest_route=\/wp\/v2\/pages\/891","targetHints":{"allow":["GET"]}}],"collection":[{"href":"https:\/\/filosofit.fi\/FiPra\/index.php?rest_route=\/wp\/v2\/pages"}],"about":[{"href":"https:\/\/filosofit.fi\/FiPra\/index.php?rest_route=\/wp\/v2\/types\/page"}],"author":[{"embeddable":true,"href":"https:\/\/filosofit.fi\/FiPra\/index.php?rest_route=\/wp\/v2\/users\/17"}],"replies":[{"embeddable":true,"href":"https:\/\/filosofit.fi\/FiPra\/index.php?rest_route=%2Fwp%2Fv2%2Fcomments&post=891"}],"version-history":[{"count":24,"href":"https:\/\/filosofit.fi\/FiPra\/index.php?rest_route=\/wp\/v2\/pages\/891\/revisions"}],"predecessor-version":[{"id":1946,"href":"https:\/\/filosofit.fi\/FiPra\/index.php?rest_route=\/wp\/v2\/pages\/891\/revisions\/1946"}],"wp:featuredmedia":[{"embeddable":true,"href":"https:\/\/filosofit.fi\/FiPra\/index.php?rest_route=\/wp\/v2\/media\/1713"}],"wp:attachment":[{"href":"https:\/\/filosofit.fi\/FiPra\/index.php?rest_route=%2Fwp%2Fv2%2Fmedia&parent=891"}],"curies":[{"name":"wp","href":"https:\/\/api.w.org\/{rel}","templated":true}]}}