{"id":877,"date":"2020-05-28T19:18:54","date_gmt":"2020-05-28T16:18:54","guid":{"rendered":"http:\/\/filosofit.fi\/FiPra\/?page_id=877"},"modified":"2020-09-21T10:19:57","modified_gmt":"2020-09-21T07:19:57","slug":"slide-anything-popup-preview","status":"publish","type":"page","link":"https:\/\/filosofit.fi\/FiPra\/?page_id=877","title":{"rendered":"Eettiset ohjeet"},"content":{"rendered":"\n<p>FIVE ry:n laatimien eettisten ohjeiden tarkoituksena on tukea ja selkeytt\u00e4\u00e4 alalla ty\u00f6skentelevien toimintaa ja varmistaa rakentava kohtaaminen asiakkaan ja filosofin v\u00e4lill\u00e4.&nbsp;<\/p>\n\n\n\n<p>Filosofian praktikot k\u00e4ytt\u00e4v\u00e4t erilaisia l\u00e4hestymistapoja ja menetelmi\u00e4, mutta heit\u00e4 yhdist\u00e4v\u00e4t seuraavat k\u00e4yt\u00e4nn\u00f6t: 1) Asiakkaan argumenttien ja perustelujen tarkastelu; 2) Keskeisten k\u00e4sitteiden tunnistaminen, selkeytt\u00e4minen ja m\u00e4\u00e4rittely; 3) Taustalla vaikuttavien oletusten ja loogisten yhteyksien paljastaminen ja tutkiminen: 4) Ristiriitojen ja ep\u00e4johdonmukaisuuksien paljastaminen; ja&nbsp;&nbsp;5) Filosofian perinteen sis\u00e4lt\u00e4mien teorioiden ja niiden asiakkaan aiheelle tarjoamien merkitysten tarkastelu.<\/p>\n\n\n\n<p>Filosofian praktikolla tarkoitetaan henkil\u00f6\u00e4, joka on suorittanut akateemisen tutkinnon filosofiasta tai muilla tavoin hankkinut vastaavan p\u00e4tevyyden filosofiassa, ja k\u00e4ytt\u00e4\u00e4 toimessaan yll\u00e4 lueteltuja filosofisia k\u00e4yt\u00e4nt\u00f6j\u00e4 tukeakseen asiakasta k\u00e4sittelem\u00e4\u00e4n el\u00e4m\u00e4ns\u00e4 kysymyksi\u00e4, kyseenalaistamaan itsest\u00e4\u00e4nselvyyksi\u00e4 ja rakentamaan hyv\u00e4\u00e4 el\u00e4m\u00e4\u00e4. Filosofian praktikon p\u00e4tevyytt\u00e4 vahvistaa, ett\u00e4 h\u00e4n on kouluttautunut lis\u00e4ksi filosofisen praktiikan l\u00e4hestymistavoissa. Esimerkiksi Suomessa FIVE ry j\u00e4rjest\u00e4\u00e4 yhteisty\u00f6ss\u00e4 Kriittisen korkeakoulun kanssa filosofisen praktiikan koulutusohjelmaa. Filosofian praktikko harjoittaa filosofin vastaanottotoimintaa tai jotakin muuta filosofisen praktiikan alaan luettavaa toimintaa kuten sokraattisia dialogeja, yritysfilosofiaa, filosofiaa lapsille -toimintaa tai filosofiakahviloita.<\/p>\n\n\n\n<p><strong>I Asiakkaan kunnioitus&nbsp;<\/strong><\/p>\n\n\n\n<p>Filosofian praktikon tulee ty\u00f6ss\u00e4\u00e4n suhtautua kunnioituksella kaikkiin asiakkaisiin riippumatta heid\u00e4n maailmankatsomuksestaan, etnisest\u00e4 taustastaan, seksuaalisesta suuntautumisestaan, sosioekonomisesta taustasta tai muusta n\u00e4ihin verrattavasta seikasta.&nbsp;<\/p>\n\n\n\n<p><strong>II&nbsp;<\/strong><strong>Asiakkaan itsen\u00e4isyyden ja vastuullisuuden tukeminen<\/strong><\/p>\n\n\n\n<p>Filosofian praktikon tulee tukea asiakkaan aktiivista osallistumista filosofiseen ty\u00f6skentelyyn. H\u00e4nen ei tule tarjota valmiita vastauksia vaan rohkaista asiakasta itsen\u00e4iseen j\u00e4rkiper\u00e4iseen reflektointiin sek\u00e4 ottamaan vastuun el\u00e4m\u00e4\u00e4ns\u00e4 koskevista p\u00e4\u00e4t\u00f6ksist\u00e4.&nbsp;<\/p>\n\n\n\n<p><strong>III Vaitiolovelvollisuus ja lakien noudattaminen<\/strong><\/p>\n\n\n\n<p>Filosofian praktikon tulee k\u00e4sitell\u00e4 luottamuksellisesti asiakasta koskevaa tietoa. Filosofisen praktikon tulee noudattaa ty\u00f6ss\u00e4\u00e4n lakeja ja hyvi\u00e4 tapoja. H\u00e4nen on hyv\u00e4 her\u00e4tt\u00e4\u00e4 keskustelua sellaisten lakien muuttamiseksi, jotka h\u00e4iritsev\u00e4t ty\u00f6n toteuttamisen eettisesti kest\u00e4v\u00e4ll\u00e4 tavalla.\u00a0<\/p>\n\n\n\n<p><strong>IV Oman ammattitaidon ymm\u00e4rt\u00e4minen<\/strong><\/p>\n\n\n\n<p>Filosofian praktikon tulee avoimesti ja totuudenmukaisesti kertoa koulutuksestaan ja p\u00e4tevyydest\u00e4\u00e4n. H\u00e4nen tulee k\u00e4ytt\u00e4\u00e4 ty\u00f6ss\u00e4\u00e4n vain sellaisia tekniikoita ja metodeja, jotka ovat laskettavissa filosofian piiriin tai joihin h\u00e4nell\u00e4 on muu hankittu p\u00e4tevyys. Jos asiakkaan avun tarve ylitt\u00e4\u00e4 filosofian praktikon osaamisalueen, tulee t\u00e4m\u00e4n ohjata asiakas sopivan avun piiriin.\u00a0<\/p>\n\n\n\n<p><strong>V Ammattitaidon yll\u00e4pit\u00e4minen<\/strong><\/p>\n\n\n\n<p>Filosofian praktikon tulee yll\u00e4pit\u00e4\u00e4 ammattitaitoaan seuraamalla alan kirjallisuutta ja osallistumalla alan konferensseihin ja koulutuksiin. Filosofian praktikon on lis\u00e4ksi hyv\u00e4 olla perill\u00e4 oman ty\u00f6kontekstinsa k\u00e4yt\u00e4nn\u00f6ist\u00e4 ja lains\u00e4\u00e4d\u00e4nn\u00f6st\u00e4, jotka voivat vaikuttaa h\u00e4nen ty\u00f6skentelyyns\u00e4. Esimerkiksi hoitoalalla ty\u00f6skennelless\u00e4 on hyv\u00e4 tuntea alan eettinen ohjeistus ja asiakasty\u00f6n k\u00e4yt\u00e4nn\u00f6t.\u00a0<\/p>\n\n\n\n<p><strong>VI Omakohtaisuus<\/strong><\/p>\n\n\n\n<p>Kyet\u00e4kseen toteuttamaan eettisi\u00e4 ohjeita, filosofian praktikko harjoittaa omassa el\u00e4m\u00e4ss\u00e4\u00e4n&nbsp;filosofisia taitoja ja arvoja muun muassa pyrkim\u00e4ll\u00e4 rehellisyyteen, oikeudenmukaisuuteen ja olemalla sokraattisen avarakatseinen.<\/p>\n","protected":false},"excerpt":{"rendered":"<p>FIVE ry:n laatimien eettisten ohjeiden tarkoituksena on tukea ja selkeytt\u00e4\u00e4 alalla ty\u00f6skentelevien toimintaa ja varmistaa rakentava kohtaaminen asiakkaan ja filosofin v\u00e4lill\u00e4.&nbsp; Filosofian praktikot k\u00e4ytt\u00e4v\u00e4t erilaisia l\u00e4hestymistapoja ja menetelmi\u00e4, mutta heit\u00e4 yhdist\u00e4v\u00e4t seuraavat k\u00e4yt\u00e4nn\u00f6t: 1) Asiakkaan argumenttien ja perustelujen tarkastelu; 2) Keskeisten k\u00e4sitteiden tunnistaminen, selkeytt\u00e4minen ja m\u00e4\u00e4rittely; 3) Taustalla vaikuttavien oletusten ja loogisten yhteyksien paljastaminen ja&hellip; <\/p>\n<p class=\"toivo-read-more\"><a href=\"https:\/\/filosofit.fi\/FiPra\/?page_id=877\" class=\"more-link\">Lue lis\u00e4\u00e4 <span class=\"screen-reader-text\">Eettiset ohjeet<\/span><\/a><\/p>\n","protected":false},"author":18,"featured_media":0,"parent":0,"menu_order":9999,"comment_status":"closed","ping_status":"closed","template":"","meta":{"footnotes":""},"class_list":{"0":"post-877","1":"page","2":"type-page","3":"status-publish","5":"entry"},"_links":{"self":[{"href":"https:\/\/filosofit.fi\/FiPra\/index.php?rest_route=\/wp\/v2\/pages\/877","targetHints":{"allow":["GET"]}}],"collection":[{"href":"https:\/\/filosofit.fi\/FiPra\/index.php?rest_route=\/wp\/v2\/pages"}],"about":[{"href":"https:\/\/filosofit.fi\/FiPra\/index.php?rest_route=\/wp\/v2\/types\/page"}],"author":[{"embeddable":true,"href":"https:\/\/filosofit.fi\/FiPra\/index.php?rest_route=\/wp\/v2\/users\/18"}],"replies":[{"embeddable":true,"href":"https:\/\/filosofit.fi\/FiPra\/index.php?rest_route=%2Fwp%2Fv2%2Fcomments&post=877"}],"version-history":[{"count":4,"href":"https:\/\/filosofit.fi\/FiPra\/index.php?rest_route=\/wp\/v2\/pages\/877\/revisions"}],"predecessor-version":[{"id":924,"href":"https:\/\/filosofit.fi\/FiPra\/index.php?rest_route=\/wp\/v2\/pages\/877\/revisions\/924"}],"wp:attachment":[{"href":"https:\/\/filosofit.fi\/FiPra\/index.php?rest_route=%2Fwp%2Fv2%2Fmedia&parent=877"}],"curies":[{"name":"wp","href":"https:\/\/api.w.org\/{rel}","templated":true}]}}