{"id":746,"date":"2018-09-13T19:15:47","date_gmt":"2018-09-13T16:15:47","guid":{"rendered":"http:\/\/filosofit.fi\/FiPra\/?page_id=746"},"modified":"2018-09-17T19:47:39","modified_gmt":"2018-09-17T16:47:39","slug":"mita-on-filosofinen-praktiikka","status":"publish","type":"page","link":"https:\/\/filosofit.fi\/FiPra\/?page_id=746","title":{"rendered":"Mit\u00e4 on filosofinen praktiikka?"},"content":{"rendered":"<p>Filosofinen praktiikka on k\u00e4yt\u00e4nn\u00f6n toimintaa, jossa k\u00e4sitell\u00e4\u00e4n arjessa kohdattuja, el\u00e4m\u00e4\u00e4n keskeisesti kuuluvia perimm\u00e4isi\u00e4 kysymyksi\u00e4 filosofian tarjoamin v\u00e4linein. Toiminnan tavoitteena on tietoisuuden ja itsetuntemuksen laajentaminen sek\u00e4 yksil\u00f6n itseohjautuvuuden ja eettisen vastuullisuuden lis\u00e4\u00e4minen. Keskeisi\u00e4 toimintamuotoja ovat yksil\u00f6vastaanotot, ryhm\u00e4dialogit, yritysfilosofia ja -konsultointi sek\u00e4 lasten kanssa filosofointi. Ty\u00f6skentelytavoissa korostuvat keskeisesti dialogisuus ja kriittisen ajattelun taidot.<\/p>\n<p><strong>Filosofinen<\/strong><\/p>\n<p>Jotta toimintaa voitaisiin kutsua filosofiseksi, sen on t\u00e4ytett\u00e4v\u00e4 tiettyj\u00e4 ehtoja. Filosofisuudella voidaan viitata sek\u00e4 k\u00e4sitelt\u00e4v\u00e4\u00e4n asiasis\u00e4lt\u00f6\u00f6n, asenteeseen tai k\u00e4ytettyyn menetelm\u00e4\u00e4n.<br \/>\nL\u00e4hestulkoon kaikkia aiheita voi tarkastella filosofisesti, joten asiasis\u00e4lt\u00f6 ei ole viel\u00e4 riitt\u00e4v\u00e4 ehto erottamaan filosofista toimintaa vaikkapa psykologisesta tai sosiologisesta tarkastelusta. Voidaanhan esimerkiksi vuorovaikutusta tarkastella n\u00e4ist\u00e4 kaikista n\u00e4k\u00f6kulmista. Voidaan kuitenkin rajata, ett\u00e4 filosofisessa praktiikassa on joitakin teemoja, joiden k\u00e4sittely tekee siit\u00e4 erityisesti filosofista. T\u00e4llaisia teemoja ovat el\u00e4m\u00e4n perimm\u00e4iset kysymykset kuten mik\u00e4 on el\u00e4m\u00e4n merkitys, mit\u00e4 on rakkaus, kuinka kohdata kuolema tai millaista on hyv\u00e4 el\u00e4m\u00e4. Toinen erityisesti filosofinen teema on koko filosofian traditio ja siell\u00e4 esitetyt erilaiset n\u00e4k\u00f6kulmat ja teoriat ihmismielt\u00e4 askarruttaviin kysymyksiin. N\u00e4m\u00e4 ovat filosofian praktikon erityisalaa ja osaamista.<\/p>\n<p>Millainen sitten on filosofinen asenne? Filosofi ihmettelee, kyseenalaistaa, on sitoutunut j\u00e4rjen k\u00e4ytt\u00f6\u00f6n ja tavoittelee totuutta. T\u00e4m\u00e4 asenne on taustalla my\u00f6s kaikissa filosofiaa luonnehtivissa menetelmiss\u00e4, joita on lukuisia. Ei voida m\u00e4\u00e4ritell\u00e4 vain yht\u00e4 filosofista menetelm\u00e4\u00e4. Kaikkia erilaisia menetelmi\u00e4 yhdist\u00e4vin\u00e4 piirtein\u00e4 voidaan kuitenkin ajatella sitoutuminen j\u00e4rjen k\u00e4ytt\u00f6\u00f6n, v\u00e4itteiden perusteleminen sek\u00e4 asioiden l\u00e4hestyminen kysymysten ja niihin annettujen vastausten muodossa. Filosofisen menetelm\u00e4n puitteissa sek\u00e4 analysoidaan ett\u00e4 rakennetaan vastausta k\u00e4sitelt\u00e4v\u00e4\u00e4n aiheeseen.<\/p>\n<p>Ollakseen filosofista, filosofisen praktiikan on k\u00e4sitelt\u00e4v\u00e4 perimm\u00e4isi\u00e4 olemassaolon kysymyksi\u00e4 rationaalisesti ja rakennettava niihin perusteltuja vastauksia \u2013 hy\u00f6dynt\u00e4en my\u00f6s filosofisen tradition tarjoamia aineksia.<\/p>\n<p><strong>Praktiikka<\/strong><\/p>\n<p>Praktiikka tulee kreikankielen sanasta praxis ja tarkoittaa k\u00e4yt\u00e4nn\u00f6n toimintaa. Filosofinen praktiikka onkin filosofian tuomista k\u00e4yt\u00e4nt\u00f6\u00f6n. Se on olemassaolon kysymysten pohtimista osana ne synnytt\u00e4v\u00e4\u00e4 el\u00e4m\u00e4n kontekstia. Siin\u00e4 j\u00e4rjenk\u00e4ytt\u00f6, ihmettely ja kyseenalaistaminen valjastetaan osaksi arkea, oman el\u00e4m\u00e4n kysymysten ja ongelmien tarkastelua, hyv\u00e4n el\u00e4m\u00e4n rakentamista.<\/p>\n<p>K\u00e4yt\u00e4nn\u00f6n toiminnalla on erilaisia muotoja. Filosofisella praktiikalla viitataan usein suppeassa merkityksess\u00e4 filosofin vastaanottoon eli yksil\u00f6konsultaatioon, jolloin sanaa \u201dpraktiikka\u201d k\u00e4ytet\u00e4\u00e4n viittaamaan filosofin vastaanottotilaan. Laajemmassa merkityksess\u00e4 filosofinen praktiikka viittaa yksil\u00f6vastaanottojen lis\u00e4ksi laajaan joukkoon erilaisia toimintamuotoja kuten dialogiset ryhm\u00e4keskustelut, erilaiset henkiset harjoitukset, yrityskonsultaatio, lasten kanssa filosofointi, filosofiset taidety\u00f6pajat tai k\u00e4velyt.<\/p>\n<p>K\u00e4yt\u00e4nn\u00f6n toiminnassa keski\u00f6ss\u00e4 on ihmisten v\u00e4linen kohtaaminen. N\u00e4iss\u00e4 kohtaamisissa korostuvat erilaiset dialogiset taidot kuten kuunteleminen, pyrkimys ymm\u00e4rt\u00e4\u00e4, ajatusten selke\u00e4 ilmaisu, yhdess\u00e4 ajatteleminen ja yksitt\u00e4isen rajallisen perspektiivin ylitt\u00e4minen. Toisaalta toiminta rakentuu my\u00f6s kriittisen ajattelun taidoista kuten kysyminen ja kyseenalaistaminen, ydinsis\u00e4lt\u00f6jen tunnistaminen, analysointi, kokonaisuuden hahmottaminen, loogisuus ja v\u00e4itteiden perusteleminen. Toki n\u00e4it\u00e4 taitoja voi k\u00e4yt\u00e4nn\u00f6ss\u00e4 harjoittaa my\u00f6s yksin esimerkiksi erilaisina henkisin\u00e4 harjoituksina.<\/p>\n<p>Ei ole olemassa vain yht\u00e4 filosofisen praktiikan l\u00e4hestymistapaa, vaan l\u00e4hestymistapa vaihtelee sit\u00e4 harjoittavasta filosofista ja asetetuista tavoitteista riippuen. Suurimmalle osalle filosofisista praktikoista toiminnassa ei ole kyse yksitt\u00e4isten ongelmien ratkaisusta vaan el\u00e4m\u00e4n kehitt\u00e4misest\u00e4 laajemmin. T\u00e4ll\u00f6in voidaan esimerkiksi pyrki\u00e4 paljastamaan toimintamme taustalla vaikuttava maailmankuva tai ajatteluamme ohjaavat ennakko-olettamukset. Filosofiset ty\u00f6kalut tarjoavat keinon laajentaa ja rikastuttaa n\u00e4it\u00e4 n\u00e4kemyksi\u00e4. Tavoitteena voi olla my\u00f6s tietoisuuden ja vapauden lis\u00e4\u00e4ntyminen. T\u00e4ll\u00f6in pyrit\u00e4\u00e4n vahvistamaan yksil\u00f6n itseohjautuvuutta el\u00e4m\u00e4ss\u00e4. Yhten\u00e4 keskeisen\u00e4 filosofisen praktiikan tavoitteena on n\u00e4hty my\u00f6s itsetuntemuksen lis\u00e4\u00e4minen ja itsens\u00e4 kehitt\u00e4minen. N\u00e4it\u00e4 yksil\u00f6keskeisi\u00e4 tavoitteita laajennetaan my\u00f6s koskemaan yhteis\u00f6\u00e4 ja esimerkiksi yhteis\u00f6n toiminnan taustalla vaikuttavaa maailmankuvaa, arvoja ja ennakko-olettamuksia.<\/p>\n<p><strong>Omakohtaisuus<\/strong><\/p>\n<p>Filosofista praktiikkaa m\u00e4\u00e4ritt\u00e4\u00e4 keskeisesti filosofian harjoittamisen omakohtaisuus. Vaikka l\u00e4hestymistapoja on useita, kent\u00e4ll\u00e4 ollaan melko yksimielisi\u00e4 filosofian harjoittamisen omakohtaisuudesta. Filosofian teorioita ja menetelmi\u00e4 ei vain sovelleta johonkin kysymyksenasetteluun tai kontekstiin vaan filosofian k\u00e4yt\u00e4nn\u00f6t ovat tie oman el\u00e4m\u00e4n tarkasteluun ja jalostamiseen. T\u00e4m\u00e4 p\u00e4tee my\u00f6s filosofiin itseens\u00e4. Antiikin kreikassa ket\u00e4\u00e4n ei tunnustettu filosofiksi puhe- tai argumentaatiotaitojen tai filosofisen teorian tuntemuksen perusteella. Filosofin tunnisti h\u00e4nen tavastaan el\u00e4\u00e4 filosofista el\u00e4m\u00e4\u00e4. Moderni filosofinen praktiikka seuraa t\u00e4t\u00e4 perinnett\u00e4 asettaessaan filosofille itselleen vaatimuksen tulla tietoiseksi itsest\u00e4\u00e4n, maailmastaan ja kanssaihmisist\u00e4\u00e4n sek\u00e4 el\u00e4\u00e4 filosofiset periaatteensa todeksi. Omakohtaisuuden periaatteen pohjalta voi tehd\u00e4 my\u00f6s eroa filosofisen praktiikan ja \u2013 ehk\u00e4 tutumman \u2013 soveltavan filosofian v\u00e4lill\u00e4.<\/p>\n","protected":false},"excerpt":{"rendered":"<p>Filosofinen praktiikka on k\u00e4yt\u00e4nn\u00f6n toimintaa, jossa k\u00e4sitell\u00e4\u00e4n arjessa kohdattuja, el\u00e4m\u00e4\u00e4n keskeisesti kuuluvia perimm\u00e4isi\u00e4 kysymyksi\u00e4 filosofian tarjoamin v\u00e4linein. Toiminnan tavoitteena on tietoisuuden ja itsetuntemuksen laajentaminen sek\u00e4 yksil\u00f6n itseohjautuvuuden ja eettisen vastuullisuuden lis\u00e4\u00e4minen. Keskeisi\u00e4 toimintamuotoja ovat yksil\u00f6vastaanotot, ryhm\u00e4dialogit, yritysfilosofia ja -konsultointi sek\u00e4 lasten kanssa filosofointi. Ty\u00f6skentelytavoissa korostuvat keskeisesti dialogisuus ja kriittisen ajattelun taidot. Filosofinen Jotta toimintaa voitaisiin&hellip; <\/p>\n<p class=\"toivo-read-more\"><a href=\"https:\/\/filosofit.fi\/FiPra\/?page_id=746\" class=\"more-link\">Lue lis\u00e4\u00e4 <span class=\"screen-reader-text\">Mit\u00e4 on filosofinen praktiikka?<\/span><\/a><\/p>\n","protected":false},"author":18,"featured_media":0,"parent":6,"menu_order":1,"comment_status":"closed","ping_status":"closed","template":"","meta":{"footnotes":""},"class_list":{"0":"post-746","1":"page","2":"type-page","3":"status-publish","5":"entry"},"_links":{"self":[{"href":"https:\/\/filosofit.fi\/FiPra\/index.php?rest_route=\/wp\/v2\/pages\/746","targetHints":{"allow":["GET"]}}],"collection":[{"href":"https:\/\/filosofit.fi\/FiPra\/index.php?rest_route=\/wp\/v2\/pages"}],"about":[{"href":"https:\/\/filosofit.fi\/FiPra\/index.php?rest_route=\/wp\/v2\/types\/page"}],"author":[{"embeddable":true,"href":"https:\/\/filosofit.fi\/FiPra\/index.php?rest_route=\/wp\/v2\/users\/18"}],"replies":[{"embeddable":true,"href":"https:\/\/filosofit.fi\/FiPra\/index.php?rest_route=%2Fwp%2Fv2%2Fcomments&post=746"}],"version-history":[{"count":2,"href":"https:\/\/filosofit.fi\/FiPra\/index.php?rest_route=\/wp\/v2\/pages\/746\/revisions"}],"predecessor-version":[{"id":768,"href":"https:\/\/filosofit.fi\/FiPra\/index.php?rest_route=\/wp\/v2\/pages\/746\/revisions\/768"}],"up":[{"embeddable":true,"href":"https:\/\/filosofit.fi\/FiPra\/index.php?rest_route=\/wp\/v2\/pages\/6"}],"wp:attachment":[{"href":"https:\/\/filosofit.fi\/FiPra\/index.php?rest_route=%2Fwp%2Fv2%2Fmedia&parent=746"}],"curies":[{"name":"wp","href":"https:\/\/api.w.org\/{rel}","templated":true}]}}