{"id":653,"date":"2017-05-10T18:40:54","date_gmt":"2017-05-10T15:40:54","guid":{"rendered":"http:\/\/filosofit.fi\/FiPra\/?page_id=653"},"modified":"2017-05-10T18:40:54","modified_gmt":"2017-05-10T15:40:54","slug":"saannot","status":"publish","type":"page","link":"https:\/\/filosofit.fi\/FiPra\/?page_id=653","title":{"rendered":"S\u00e4\u00e4nn\u00f6t"},"content":{"rendered":"<p><b>Filosofisen praktiikan verkosto \u2013 N\u00e4tverket f\u00f6r Filosofisk Praxis <\/b><\/p>\n<p><b>YHDISTYKSEN S\u00c4\u00c4NN\u00d6T<\/b><\/p>\n<p><b>1\u00a7<\/b><\/p>\n<p>Yhdistyksen nimi on Filosofisen praktiikan verkosto ry, N\u00e4tverket f\u00f6r Filosofisk Praxis rf. Kansainv\u00e4lisiss\u00e4 yhteyksiss\u00e4 voidaan yhdistyksest\u00e4 k\u00e4ytt\u00e4\u00e4 my\u00f6s englanninkielist\u00e4 nime\u00e4 Philosophical Practice Network. Yhdistyksen kotipaikka on Helsinki ja toiminta-alueena on koko Suomi. Yhdistyksen p\u00f6yt\u00e4kirjakieli on suomi.<\/p>\n<p><b>2\u00a7<\/b><\/p>\n<p>Yhdistyksen tarkoituksena on edist\u00e4\u00e4 ja kehitt\u00e4\u00e4 ammattitaitoista filosofisen praktiikan toimintaa ja tuntemusta Suomessa sek\u00e4 tukea kansainv\u00e4list\u00e4 verkostoitumista. Yhdistys pyrkii edist\u00e4m\u00e4\u00e4n my\u00f6s alan koulutusta ja tutkimusta kotimaassa. Lis\u00e4ksi yhdistyksen tarkoituksena on toimia filosofisen praktiikan eettisen\u00e4 neuvonantajana. N\u00e4it\u00e4 tarkoituksia yhdistys toteuttaa ensisijaisesti j\u00e4rjest\u00e4m\u00e4ll\u00e4 filosofisen praktiikan toimintaa, esitelm\u00e4- ja keskustelutilaisuuksia, seminaareja, tapahtumia ja kokouksia, harjoittamalla julkaisutoimintaa sek\u00e4 muilla vastaavilla tavoilla, jotka edist\u00e4v\u00e4t filosofian harjoittamista Suomessa.<\/p>\n<p>Yhdistys voi toimintansa tukemiseksi<\/p>\n<p><span style=\"font-weight: 400;\">1) ottaa vastaan avustuksia, lahjoituksia ja testamentteja,<\/span><\/p>\n<p><span style=\"font-weight: 400;\">2) j\u00e4rjest\u00e4\u00e4 ker\u00e4yksi\u00e4 ja arpajaisia,<\/span><\/p>\n<p><span style=\"font-weight: 400;\">3) j\u00e4rjest\u00e4\u00e4 maksullisia tapahtumia, seminaareja, esitelm\u00e4- ja luentotilaisuuksia, yleis\u00f6tilaisuuksia tai muita vastaavia tilaisuuksia,<\/span><\/p>\n<p><span style=\"font-weight: 400;\">4) omistaa toimintaansa varten tarpeellista kiinte\u00e4\u00e4 ja irtainta omaisuutta sek\u00e4 yritysten osakkeita,<\/span><\/p>\n<p><span style=\"font-weight: 400;\">5) asiainmukaisella luvalla harjoittaa kioski- ja ravitsemusliiketoimintaa sek\u00e4 j\u00e4rjest\u00e4\u00e4 myyj\u00e4isi\u00e4 ja tarkoituksiaan edist\u00e4vi\u00e4 huutokauppoja,<\/span><\/p>\n<p><span style=\"font-weight: 400;\">6) harjoittaa toimintaansa liittyv\u00e4\u00e4 julkaisutoimintaa, jakaa kunniamainintoja, -palkintoja ja -kirjoja, ei kuitenkaan merkitt\u00e4vi\u00e4 taloudellisia etuja j\u00e4senilleen.<\/span><\/p>\n<p>Yhdistyksen tarkoitus ei ole voiton tai muun v\u00e4litt\u00f6m\u00e4n taloudellisen ansion hankkiminen siihen osallistuneille eik\u00e4 sen toiminta saa muutenkaan muodostua p\u00e4\u00e4asiallisesti taloudelliseksi.<\/p>\n<p><b>3\u00a7<\/b><\/p>\n<p>Yhdistyksen j\u00e4seneksi voi liitty\u00e4 jokainen, joka hyv\u00e4ksyy yhdistyksen tarkoituksen ja s\u00e4\u00e4nn\u00f6t sek\u00e4 maksaa yhdistyksen j\u00e4senmaksun. J\u00e4senet hyv\u00e4ksyy hakemuksesta yhdistyksen hallitus.<\/p>\n<p>Yhdistys voi my\u00f6s kutsua hallituksen esityksest\u00e4 kunniaj\u00e4senekseen henkil\u00f6n, joka on toiminnallaan erityisen ansiokkaasti edist\u00e4nyt yhdistyksen tarkoituksen toteutumista. Ehdotuksesta kunniaj\u00e4seneksi on mainittava kokouskutsussa.<\/p>\n<p>Yhdistyksen j\u00e4senell\u00e4 on oikeus koska hyv\u00e4ns\u00e4 erota yhdistyksest\u00e4 ilmoittamalla siit\u00e4 kirjallisesti hallitukselle tai sen puheenjohtajalle taikka ilmoittamalla erosta yhdistyksen kokouksen p\u00f6yt\u00e4kirjaan.<\/p>\n<p>Hallitus voi erottaa j\u00e4senen yhdistyksest\u00e4, jos j\u00e4sen on j\u00e4tt\u00e4nyt er\u00e4\u00e4ntyneen j\u00e4senmaksunsa maksamatta tai muuten j\u00e4tt\u00e4nyt t\u00e4ytt\u00e4m\u00e4tt\u00e4 ne velvoitteet, joihin h\u00e4n on yhdistykseen liittym\u00e4ll\u00e4 sitoutunut tai on menettelyll\u00e4\u00e4n yhdistyksess\u00e4 tai sen ulkopuolella huomattavasti vahingoittanut yhdistyst\u00e4 tai sen edist\u00e4mi\u00e4 tarkoituksia tai ei en\u00e4\u00e4 t\u00e4yt\u00e4 laissa taikka yhdistyksen s\u00e4\u00e4nn\u00f6iss\u00e4 mainittuja j\u00e4senyyden ehtoja.<\/p>\n<p><b>4\u00a7<\/b><\/p>\n<p>J\u00e4senilt\u00e4 peritt\u00e4v\u00e4n vuotuisen j\u00e4senmaksun suuruudesta p\u00e4\u00e4tt\u00e4\u00e4 vuosikokous.<\/p>\n<p><b>5\u00a7<\/b><\/p>\n<p>Yhdistyksen asioita hoitaa hallitus, johon kuuluu vuosikokouksessa valitut puheenjohtaja ja 4-8 muuta varsinaista j\u00e4sent\u00e4. Hallituksen toimikausi on vuosikokousten v\u00e4linen aika. Hallitus valitsee keskuudestaan varapuheenjohtajan sek\u00e4 ottaa keskuudestaan tai ulkopuoleltaan sihteerin, rahastonhoitajan ja muut tarvittavat toimihenkil\u00f6t.<\/p>\n<p><span style=\"font-weight: 400;\">Hallitus kokoontuu puheenjohtajan tai h\u00e4nen estyneen\u00e4 ollessaan varapuheenjohtajan kutsusta, kun he katsovat siihen olevan aihetta tai kun v\u00e4hint\u00e4\u00e4n puolet hallituksen j\u00e4senist\u00e4 sit\u00e4 vaatii. Hallitus on p\u00e4\u00e4t\u00f6svaltainen, kun v\u00e4hint\u00e4\u00e4n puolet sen j\u00e4senist\u00e4, puheenjohtaja tai varapuheenjohtaja mukaanluettuna on l\u00e4sn\u00e4. \u00c4\u00e4nestykset ratkaistaan ehdottomalla \u00e4\u00e4ntenenemmist\u00f6ll\u00e4. \u00c4\u00e4nten menness\u00e4 tasan ratkaisee puheenjohtajan \u00e4\u00e4ni, vaaleissa kuitenkin arpa. Hallituksen j\u00e4senell\u00e4 on oikeus erota kesken toimikauden ilmoittamalla siit\u00e4 hallitukselle. Uusi hallituksen j\u00e4sen valitaan seuraavassa vuosikokouksessa.<\/span><\/p>\n<p>Hallitus voi tarvittaessa nimitt\u00e4\u00e4 alaisuuteensa ty\u00f6ryhmi\u00e4 hoitamaan hallituksen niille m\u00e4\u00e4ritt\u00e4mi\u00e4 teht\u00e4vi\u00e4.<\/p>\n<p><span style=\"font-weight: 400;\">Hallitus voi yhteisell\u00e4 p\u00e4\u00e4t\u00f6ksell\u00e4\u00e4n pit\u00e4\u00e4 kokouksen ja tehd\u00e4 p\u00e4\u00e4t\u00f6ksi\u00e4 my\u00f6s tietoverkossa, puhelinkokouksessa, s\u00e4hk\u00f6postilla taikka muuta sellaista viestint\u00e4 k\u00e4ytt\u00e4en, joka mahdollistaa hallituksen j\u00e4senten yhteydenpidon p\u00e4\u00e4t\u00f6ksen teon aikana.<\/span><\/p>\n<p><b>6\u00a7<\/b><\/p>\n<p>Yhdistyksen nimen kirjoittaa hallituksen puheenjohtaja, varapuheenjohtaja, sihteeri tai rahastonhoitaja, kukin yksin.<\/p>\n<p><b>7\u00a7<\/b><\/p>\n<p>Yhdistyksen tilikausi on kalenterivuosi.<\/p>\n<p><b>8\u00a7<\/b><\/p>\n<p>Yhdistyksen vuosikokous pidet\u00e4\u00e4n vuosittain hallituksen m\u00e4\u00e4r\u00e4\u00e4m\u00e4n\u00e4 p\u00e4iv\u00e4n\u00e4 tammi-toukokuussa.<\/p>\n<p><span style=\"font-weight: 400;\">Yhdistyksen kokouksissa on jokaisella j\u00e4senell\u00e4 yksi \u00e4\u00e4ni. Yhdistyksen kokouksen p\u00e4\u00e4t\u00f6kseksi tulee se mielipide, joka on saanut eniten \u00e4\u00e4ni\u00e4. \u00c4\u00e4nten menness\u00e4 tasan ratkaisee kokouksen puheenjohtajan \u00e4\u00e4ni, vaaleissa kuitenkin arpa.<\/span><\/p>\n<p><b>9\u00a7<\/b><\/p>\n<p>Hallituksen on kutsuttava yhdistyksen kokoukset koolle v\u00e4hint\u00e4\u00e4n nelj\u00e4toista vuorokautta ennen kokousta yhdistyksen virallisilla verkkosivuilla ja s\u00e4hk\u00f6postitse j\u00e4senrekisterin mukaiseen osoitteeseen l\u00e4hetetyll\u00e4 kutsulla.<\/p>\n<p><span style=\"font-weight: 400;\">Yhdistyksen varsinainen kokous on vuosikokous. Lis\u00e4ksi hallitus voi kutsua tarvittaessa koolle ylim\u00e4\u00e4r\u00e4isen j\u00e4senkokouksen tietyn asian k\u00e4sittely\u00e4 varten. Ylim\u00e4\u00e4r\u00e4inen j\u00e4senkokous voidaan kutsua koolle my\u00f6s silloin jos 1\/10 j\u00e4senist\u00f6st\u00e4 sit\u00e4 tietyn asian k\u00e4sittelemiseksi vaatii.<\/span><\/p>\n<p><b>10\u00a7<\/b><\/p>\n<p>Yhdistyksen vuosikokouksessa k\u00e4sitell\u00e4\u00e4n seuraavat asiat:<\/p>\n<p><span style=\"font-weight: 400;\">1) kokouksen avaus<\/span><\/p>\n<p><span style=\"font-weight: 400;\">2) valitaan kokouksen puheenjohtaja, sihteeri, kaksi p\u00f6yt\u00e4kirjantarkastajaa ja kaksi \u00e4\u00e4ntenlaskijaa<\/span><\/p>\n<p><span style=\"font-weight: 400;\">3) todetaan kokouksen laillisuus ja p\u00e4\u00e4t\u00f6svaltaisuus<\/span><\/p>\n<p><span style=\"font-weight: 400;\">4) hyv\u00e4ksyt\u00e4\u00e4n kokouksen ty\u00f6j\u00e4rjestys<\/span><\/p>\n<p><span style=\"font-weight: 400;\">5) esitet\u00e4\u00e4n tilinp\u00e4\u00e4t\u00f6s, vuosikertomus ja toiminnantarkastajien lausunto<\/span><\/p>\n<p><span style=\"font-weight: 400;\">6)\u00a0p\u00e4\u00e4tet\u00e4\u00e4n tilinp\u00e4\u00e4t\u00f6ksen vahvistamisesta ja vastuuvapauden my\u00f6nt\u00e4misest\u00e4 hallitukselle ja muille vastuuvelvollisille<\/span><\/p>\n<p><span style=\"font-weight: 400;\">7) vahvistetaan toimintasuunnitelma, tulo- ja menoarvio sek\u00e4 j\u00e4senmaksun suuruus<\/span><\/p>\n<p><span style=\"font-weight: 400;\">8) valitaan hallituksen puheenjohtaja ja muut j\u00e4senet<\/span><\/p>\n<p><span style=\"font-weight: 400;\">9) valitaan yksi tai kaksi toiminnantarkastajaa ja varatoiminnantarkastajaa <\/span><\/p>\n<p><span style=\"font-weight: 400;\">10) k\u00e4sitell\u00e4\u00e4n muut kokouskutsussa mainitut asiat.<\/span><\/p>\n<p><span style=\"font-weight: 400;\">Mik\u00e4li yhdistyksen j\u00e4sen haluaa saada jonkin asian yhdistyksen vuosikokouksen k\u00e4sitelt\u00e4v\u00e4ksi, on h\u00e4nen ilmoitettava siit\u00e4 kirjallisesti hallitukselle v\u00e4hint\u00e4\u00e4n kolmekymment\u00e4 p\u00e4iv\u00e4\u00e4 ennen kokousta, jotta asia voidaan sis\u00e4llytt\u00e4\u00e4 kokouskutsuun.<\/span><\/p>\n<p><b>11\u00a7<\/b><\/p>\n<p>P\u00e4\u00e4t\u00f6s s\u00e4\u00e4nt\u00f6jen muuttamisesta ja yhdistyksen purkamisesta on teht\u00e4v\u00e4 kahdessa per\u00e4kk\u00e4isess\u00e4 yhdistyksen kokouksessa v\u00e4hint\u00e4\u00e4n kolmen nelj\u00e4sosan (3\/4) enemmist\u00f6ll\u00e4 annetuista \u00e4\u00e4nist\u00e4. J\u00e4lkimm\u00e4inen kokous voidaan pit\u00e4\u00e4 aikaisintaan kuukauden kuluttua ensimm\u00e4isest\u00e4 kokouksesta. Kokouskutsussa on mainittava s\u00e4\u00e4nt\u00f6jen muuttamisesta tai yhdistyksen purkamisesta. Yhdistyksen purkautuessa k\u00e4ytet\u00e4\u00e4n yhdistyksen varat yhdistyksen tarkoituksen edist\u00e4miseen purkamisesta p\u00e4\u00e4tt\u00e4v\u00e4n kokouksen m\u00e4\u00e4r\u00e4\u00e4m\u00e4ll\u00e4 tavalla. Yhdistyksen tullessa lakkautetuksi k\u00e4ytet\u00e4\u00e4n sen varat yhdistyksen tarkoitukseen.<\/p>\n<p>&nbsp;<\/p>\n","protected":false},"excerpt":{"rendered":"<p>Filosofisen praktiikan verkosto \u2013 N\u00e4tverket f\u00f6r Filosofisk Praxis YHDISTYKSEN S\u00c4\u00c4NN\u00d6T 1\u00a7 Yhdistyksen nimi on Filosofisen praktiikan verkosto ry, N\u00e4tverket f\u00f6r Filosofisk Praxis rf. Kansainv\u00e4lisiss\u00e4 yhteyksiss\u00e4 voidaan yhdistyksest\u00e4 k\u00e4ytt\u00e4\u00e4 my\u00f6s englanninkielist\u00e4 nime\u00e4 Philosophical Practice Network. Yhdistyksen kotipaikka on Helsinki ja toiminta-alueena on koko Suomi. Yhdistyksen p\u00f6yt\u00e4kirjakieli on suomi. 2\u00a7 Yhdistyksen tarkoituksena on edist\u00e4\u00e4 ja kehitt\u00e4\u00e4 ammattitaitoista&hellip; <\/p>\n<p class=\"toivo-read-more\"><a href=\"https:\/\/filosofit.fi\/FiPra\/?page_id=653\" class=\"more-link\">Lue lis\u00e4\u00e4 <span class=\"screen-reader-text\">S\u00e4\u00e4nn\u00f6t<\/span><\/a><\/p>\n","protected":false},"author":18,"featured_media":0,"parent":11,"menu_order":0,"comment_status":"closed","ping_status":"closed","template":"","meta":{"footnotes":""},"class_list":{"0":"post-653","1":"page","2":"type-page","3":"status-publish","5":"entry"},"_links":{"self":[{"href":"https:\/\/filosofit.fi\/FiPra\/index.php?rest_route=\/wp\/v2\/pages\/653","targetHints":{"allow":["GET"]}}],"collection":[{"href":"https:\/\/filosofit.fi\/FiPra\/index.php?rest_route=\/wp\/v2\/pages"}],"about":[{"href":"https:\/\/filosofit.fi\/FiPra\/index.php?rest_route=\/wp\/v2\/types\/page"}],"author":[{"embeddable":true,"href":"https:\/\/filosofit.fi\/FiPra\/index.php?rest_route=\/wp\/v2\/users\/18"}],"replies":[{"embeddable":true,"href":"https:\/\/filosofit.fi\/FiPra\/index.php?rest_route=%2Fwp%2Fv2%2Fcomments&post=653"}],"version-history":[{"count":2,"href":"https:\/\/filosofit.fi\/FiPra\/index.php?rest_route=\/wp\/v2\/pages\/653\/revisions"}],"predecessor-version":[{"id":655,"href":"https:\/\/filosofit.fi\/FiPra\/index.php?rest_route=\/wp\/v2\/pages\/653\/revisions\/655"}],"up":[{"embeddable":true,"href":"https:\/\/filosofit.fi\/FiPra\/index.php?rest_route=\/wp\/v2\/pages\/11"}],"wp:attachment":[{"href":"https:\/\/filosofit.fi\/FiPra\/index.php?rest_route=%2Fwp%2Fv2%2Fmedia&parent=653"}],"curies":[{"name":"wp","href":"https:\/\/api.w.org\/{rel}","templated":true}]}}