{"id":2130,"date":"2025-06-08T20:13:21","date_gmt":"2025-06-08T17:13:21","guid":{"rendered":"https:\/\/filosofit.fi\/FiPra\/?page_id=2130"},"modified":"2025-06-09T15:10:00","modified_gmt":"2025-06-09T12:10:00","slug":"yhteystiedot-contact-us","status":"publish","type":"page","link":"https:\/\/filosofit.fi\/FiPra\/?page_id=2130","title":{"rendered":"Yhteystiedot"},"content":{"rendered":"\n<p>Tavoitat Filosofisen praktiikan verkoston hallituksen osoitteesta<br>five.hallitus@gmail.com <\/p>\n\n\n\n<p><a href=\"https:\/\/filosofit.fi\/FiPra\/?page_id=662\">Lis\u00e4tietoa j\u00e4seneksi liittymisest\u00e4 &gt;&gt;<\/a> <\/p>\n\n\n\n<p><a href=\"https:\/\/filosofit.fi\/FiPra\/?page_id=891\">Etsitk\u00f6 filosofian praktikkoa, kiinnostaako filosofin vastaanotto tai vaikka sokraattinen dialogi? &gt;&gt;<\/a><\/p>\n\n\n\n<p><em>To get in touch with our board, e-mail us at five.hallitus@gmail.com<\/em> <\/p>\n\n\n\n<p>Hallitus 2025:<\/p>\n\n\n\n<p>Mika Koskinen, puheenjohtaja <br>Pia Houni, varapuheenjohtaja <br>Petri T\u00e4htinen, kirjuri <br>Veli-Matti Vilkka, rahastonhoitaja ja j\u00e4sensihteeri <br>Kati Kuula, nettisivut, some-kanavat <br>Lassi Larjo<br>Peter Lundqvist<br>Sonja Salavaranta<br>Matti Valkeisaho<\/p>\n","protected":false},"excerpt":{"rendered":"<p>Tavoitat Filosofisen praktiikan verkoston hallituksen osoitteestafive.hallitus@gmail.com Lis\u00e4tietoa j\u00e4seneksi liittymisest\u00e4 &gt;&gt; Etsitk\u00f6 filosofian praktikkoa, kiinnostaako filosofin vastaanotto tai vaikka sokraattinen dialogi? &gt;&gt; To get in touch with our board, e-mail us at five.hallitus@gmail.com Hallitus 2025: Mika Koskinen, puheenjohtaja Pia Houni, varapuheenjohtaja Petri T\u00e4htinen, kirjuri Veli-Matti Vilkka, rahastonhoitaja ja j\u00e4sensihteeri Kati Kuula, nettisivut, some-kanavat Lassi LarjoPeter LundqvistSonja&hellip; <\/p>\n<p class=\"toivo-read-more\"><a href=\"https:\/\/filosofit.fi\/FiPra\/?page_id=2130\" class=\"more-link\">Lue lis\u00e4\u00e4 <span class=\"screen-reader-text\">Yhteystiedot<\/span><\/a><\/p>\n","protected":false},"author":17,"featured_media":0,"parent":0,"menu_order":0,"comment_status":"closed","ping_status":"closed","template":"","meta":{"footnotes":""},"class_list":{"0":"post-2130","1":"page","2":"type-page","3":"status-publish","5":"entry"},"_links":{"self":[{"href":"https:\/\/filosofit.fi\/FiPra\/index.php?rest_route=\/wp\/v2\/pages\/2130","targetHints":{"allow":["GET"]}}],"collection":[{"href":"https:\/\/filosofit.fi\/FiPra\/index.php?rest_route=\/wp\/v2\/pages"}],"about":[{"href":"https:\/\/filosofit.fi\/FiPra\/index.php?rest_route=\/wp\/v2\/types\/page"}],"author":[{"embeddable":true,"href":"https:\/\/filosofit.fi\/FiPra\/index.php?rest_route=\/wp\/v2\/users\/17"}],"replies":[{"embeddable":true,"href":"https:\/\/filosofit.fi\/FiPra\/index.php?rest_route=%2Fwp%2Fv2%2Fcomments&post=2130"}],"version-history":[{"count":7,"href":"https:\/\/filosofit.fi\/FiPra\/index.php?rest_route=\/wp\/v2\/pages\/2130\/revisions"}],"predecessor-version":[{"id":2152,"href":"https:\/\/filosofit.fi\/FiPra\/index.php?rest_route=\/wp\/v2\/pages\/2130\/revisions\/2152"}],"wp:attachment":[{"href":"https:\/\/filosofit.fi\/FiPra\/index.php?rest_route=%2Fwp%2Fv2%2Fmedia&parent=2130"}],"curies":[{"name":"wp","href":"https:\/\/api.w.org\/{rel}","templated":true}]}}