{"id":11,"date":"2011-11-10T22:10:50","date_gmt":"2011-11-10T20:10:50","guid":{"rendered":"http:\/\/vilkka.fi\/fipra\/?page_id=11"},"modified":"2024-10-18T10:44:18","modified_gmt":"2024-10-18T07:44:18","slug":"filosofia-tyoelamassa","status":"publish","type":"page","link":"https:\/\/filosofit.fi\/FiPra\/?page_id=11","title":{"rendered":"Yhdistys"},"content":{"rendered":"<p>Filosofisen praktiikan verkosto ry (FIVE ry)<\/p>\n<p>L\u00f6yd\u00e4t meid\u00e4t Facebookista: <a href=\"https:\/\/www.facebook.com\/five.yhdistys\">https:\/\/www.facebook.com\/five.yhdistys<\/a> ja Instagramista @filosofinen_praktiikka.\u00a0Ota yhteytt\u00e4: five.hallitus@gmail.com<\/p>\n<p>Suomeen on perustettu filosofisen praktiikan verkosto ry. -niminen yhdistys vuonna 2016 kehitt\u00e4m\u00e4\u00e4n filosofian praktiikan toimintaa, osallistuvuutta, tutkimusta ja kirjallisuuden levitt\u00e4mist\u00e4. Yhdistyksen toiminta perustuu kansainv\u00e4liseen filosofisen praktiikan liikkeeseen. Filosofisen praktiikan tunnetuinta toimintaa ovat filosofin vastaanotto, filocaf\u00e9, sokraattinen dialogi, filosofiaa lapsille ja filosofia ty\u00f6el\u00e4m\u00e4ss\u00e4.<\/p>\n<p><a href=\"https:\/\/filosofit.fi\/FiPra\/?page_id=662\">J\u00e4senyys<\/a> &#8211; liity yhdistykseen, arvostamme tukeasi filosofisen praktiikan edist\u00e4miselle!<\/p>\n<p>J\u00e4rjest\u00e4mme s\u00e4\u00e4nn\u00f6llisesti toimintaa (avoimia my\u00f6s kaikille kiinnostuneille), jaamme tietoutta filosofisesta praktiikasta sek\u00e4 osallistumme tapahtumiin, joissa olemme pit\u00e4neet mm. filosofin vastaanottoa ja j\u00e4rjest\u00e4neet filosofisia ryhm\u00e4keskusteluita. Lue lis\u00e4\u00e4 toiminnastamme:<\/p>\n<ul>\n<li><a href=\"https:\/\/filosofit.fi\/FiPra\/wp-content\/uploads\/Toimintakertomus-2022.pdf\">Toimintakertomus 2022<\/a><\/li>\n<li><a style=\"font-size: revert;\" href=\"https:\/\/filosofit.fi\/FiPra\/wp-content\/uploads\/Toimintakertomus_2023.pdf\">Toimintakertomus 2023<\/a>\u00a0<\/li>\n<li><a href=\"https:\/\/filosofit.fi\/FiPra\/wp-content\/uploads\/Toimintasuunnitelma_2024.pdf\">Toimintasuunnitelma 2024<\/a><\/li>\n<li>Yhdistyksen <a href=\"https:\/\/filosofit.fi\/FiPra\/?page_id=653\">s\u00e4\u00e4nn\u00f6t<\/a><\/li>\n<\/ul>\n\n\n<p>Aloitteet ja ehdotukset tapahtumista ja toiminnasta ovat tervetulleita! Voit rohkeasti kertoa, mit\u00e4 mit\u00e4 haluaisit j\u00e4rjest\u00e4\u00e4, tehd\u00e4 tai mihin toimintaan osallistua. Viesti\u00e4 voi laittaa hallituksen s\u00e4hk\u00f6postiin ja tulla mukaan vuosikokoukseen.<\/p>\n\n\n<p>Tervetuloa mukaan!\u00a0<\/p>\n<p>Filosofisen praktiikan verkosto ry:n <a href=\"https:\/\/filosofit.fi\/FiPra\/?page_id=734\">hallitus<\/a><\/p>","protected":false},"excerpt":{"rendered":"<p>Filosofisen praktiikan verkosto ry (FIVE ry) L\u00f6yd\u00e4t meid\u00e4t Facebookista: https:\/\/www.facebook.com\/five.yhdistys ja Instagramista @filosofinen_praktiikka.\u00a0Ota yhteytt\u00e4: five.hallitus@gmail.com Suomeen on perustettu filosofisen praktiikan verkosto ry. -niminen yhdistys vuonna 2016 kehitt\u00e4m\u00e4\u00e4n filosofian praktiikan toimintaa, osallistuvuutta, tutkimusta ja kirjallisuuden levitt\u00e4mist\u00e4. Yhdistyksen toiminta perustuu kansainv\u00e4liseen filosofisen praktiikan liikkeeseen. Filosofisen praktiikan tunnetuinta toimintaa ovat filosofin vastaanotto, filocaf\u00e9, sokraattinen dialogi, filosofiaa lapsille ja&hellip; <\/p>\n<p class=\"toivo-read-more\"><a href=\"https:\/\/filosofit.fi\/FiPra\/?page_id=11\" class=\"more-link\">Lue lis\u00e4\u00e4 <span class=\"screen-reader-text\">Yhdistys<\/span><\/a><\/p>\n","protected":false},"author":18,"featured_media":0,"parent":0,"menu_order":1,"comment_status":"closed","ping_status":"closed","template":"","meta":{"footnotes":""},"class_list":{"0":"post-11","1":"page","2":"type-page","3":"status-publish","5":"entry"},"_links":{"self":[{"href":"https:\/\/filosofit.fi\/FiPra\/index.php?rest_route=\/wp\/v2\/pages\/11","targetHints":{"allow":["GET"]}}],"collection":[{"href":"https:\/\/filosofit.fi\/FiPra\/index.php?rest_route=\/wp\/v2\/pages"}],"about":[{"href":"https:\/\/filosofit.fi\/FiPra\/index.php?rest_route=\/wp\/v2\/types\/page"}],"author":[{"embeddable":true,"href":"https:\/\/filosofit.fi\/FiPra\/index.php?rest_route=\/wp\/v2\/users\/18"}],"replies":[{"embeddable":true,"href":"https:\/\/filosofit.fi\/FiPra\/index.php?rest_route=%2Fwp%2Fv2%2Fcomments&post=11"}],"version-history":[{"count":24,"href":"https:\/\/filosofit.fi\/FiPra\/index.php?rest_route=\/wp\/v2\/pages\/11\/revisions"}],"predecessor-version":[{"id":1968,"href":"https:\/\/filosofit.fi\/FiPra\/index.php?rest_route=\/wp\/v2\/pages\/11\/revisions\/1968"}],"wp:attachment":[{"href":"https:\/\/filosofit.fi\/FiPra\/index.php?rest_route=%2Fwp%2Fv2%2Fmedia&parent=11"}],"curies":[{"name":"wp","href":"https:\/\/api.w.org\/{rel}","templated":true}]}}